{"id":69,"date":"2025-01-19T20:05:07","date_gmt":"2025-01-19T20:05:07","guid":{"rendered":"https:\/\/cc-computec-hof.de\/?page_id=69"},"modified":"2025-01-24T13:36:31","modified_gmt":"2025-01-24T13:36:31","slug":"referenzen-2","status":"publish","type":"page","link":"https:\/\/cc-computec-hof.de\/?page_id=69","title":{"rendered":"Referenzen"},"content":{"rendered":"\n<p><\/p>\n\n\n\n<h2 class=\"wp-block-heading\">Referenzen<\/h2>\n\n\n\n<p>Jede Referenz erz\u00e4hlt ihre eigene Geschichte von Vertrauen, Qualit\u00e4t und Innovation. Lassen Sie sich inspirieren und gewinnen Sie einen Eindruck davon, mit wem wir bereits zusammenarbeiten durften:<\/p>\n\n\n\n<figure class=\"wp-block-table is-style-stripes\"><table class=\"has-fixed-layout\"><tbody><tr><td><strong>ADLATUS<\/strong><br>ist die gr\u00f6\u00dfte unabh\u00e4ngige Verm\u00f6gensverwaltung in den Neuen Bundesl\u00e4ndern.<br>Mit jahrzehntelanger Erfahrung und einem Spezialistenteam f\u00fcr alle Bereiche der Geld- und Finanzwirtschaft.<\/td><\/tr><tr><td><strong>Arndt Fenstertechnik GmbH &amp; Co. KG<\/strong><br>Produktionsbetrieb mit modernsten Fertigungsanlagen als kompetenter Partner f\u00fcr Fenstertechnik.<\/td><\/tr><tr><td><strong>Wellness Hotel Central aus&nbsp; Hof<\/strong><br><strong>First Class mit bayerischem Charme.<br><\/strong>Liebevoller Service, aufwendig zubereitete Speisen und ger\u00e4umige Zimmer.<\/td><\/tr><tr><td><strong>slr-EWM GmbH<br><\/strong>Ein durch Investitionen zukunftsorientiertes, innovatives Unternehmen der Gie\u00dfereitechnologie.<\/td><\/tr><tr><td><strong>GBH-Design GmbH<\/strong><br>Glasaufz\u00fcge, Komponenten, Designkonzepte als Einheit von Architektur, \u00c4sthetik und Funktion<\/td><\/tr><tr><td><strong>Nexans Power Accessories Germany GmbH<\/strong><br>Hersteller von Armaturen f\u00fcr Starkstromkabel und Freileitungen.<\/td><\/tr><\/tbody><\/table><\/figure>\n","protected":false},"excerpt":{"rendered":"<p>Referenzen Jede Referenz erz\u00e4hlt ihre eigene Geschichte von Vertrauen, Qualit\u00e4t und Innovation. Lassen Sie sich inspirieren und gewinnen Sie einen [&hellip;]<\/p>\n","protected":false},"author":1,"featured_media":0,"parent":0,"menu_order":7,"comment_status":"closed","ping_status":"closed","template":"","meta":{"site-sidebar-layout":"default","site-content-layout":"","ast-site-content-layout":"","site-content-style":"default","site-sidebar-style":"default","ast-global-header-display":"","ast-banner-title-visibility":"","ast-main-header-display":"","ast-hfb-above-header-display":"","ast-hfb-below-header-display":"","ast-hfb-mobile-header-display":"","site-post-title":"disabled","ast-breadcrumbs-content":"","ast-featured-img":"","footer-sml-layout":"","theme-transparent-header-meta":"","adv-header-id-meta":"","stick-header-meta":"","header-above-stick-meta":"","header-main-stick-meta":"","header-below-stick-meta":"","astra-migrate-meta-layouts":"default","ast-page-background-enabled":"default","ast-page-background-meta":{"desktop":{"background-color":"var(--ast-global-color-5)","background-image":"","background-repeat":"repeat","background-position":"center center","background-size":"auto","background-attachment":"scroll","background-type":"","background-media":"","overlay-type":"","overlay-color":"","overlay-opacity":"","overlay-gradient":""},"tablet":{"background-color":"","background-image":"","background-repeat":"repeat","background-position":"center center","background-size":"auto","background-attachment":"scroll","background-type":"","background-media":"","overlay-type":"","overlay-color":"","overlay-opacity":"","overlay-gradient":""},"mobile":{"background-color":"","background-image":"","background-repeat":"repeat","background-position":"center center","background-size":"auto","background-attachment":"scroll","background-type":"","background-media":"","overlay-type":"","overlay-color":"","overlay-opacity":"","overlay-gradient":""}},"ast-content-background-meta":{"desktop":{"background-color":"var(--ast-global-color-4)","background-image":"","background-repeat":"repeat","background-position":"center center","background-size":"auto","background-attachment":"scroll","background-type":"","background-media":"","overlay-type":"","overlay-color":"","overlay-opacity":"","overlay-gradient":""},"tablet":{"background-color":"var(--ast-global-color-4)","background-image":"","background-repeat":"repeat","background-position":"center center","background-size":"auto","background-attachment":"scroll","background-type":"","background-media":"","overlay-type":"","overlay-color":"","overlay-opacity":"","overlay-gradient":""},"mobile":{"background-color":"var(--ast-global-color-4)","background-image":"","background-repeat":"repeat","background-position":"center center","background-size":"auto","background-attachment":"scroll","background-type":"","background-media":"","overlay-type":"","overlay-color":"","overlay-opacity":"","overlay-gradient":""}},"footnotes":""},"class_list":["post-69","page","type-page","status-publish","hentry"],"_links":{"self":[{"href":"https:\/\/cc-computec-hof.de\/index.php?rest_route=\/wp\/v2\/pages\/69","targetHints":{"allow":["GET"]}}],"collection":[{"href":"https:\/\/cc-computec-hof.de\/index.php?rest_route=\/wp\/v2\/pages"}],"about":[{"href":"https:\/\/cc-computec-hof.de\/index.php?rest_route=\/wp\/v2\/types\/page"}],"author":[{"embeddable":true,"href":"https:\/\/cc-computec-hof.de\/index.php?rest_route=\/wp\/v2\/users\/1"}],"replies":[{"embeddable":true,"href":"https:\/\/cc-computec-hof.de\/index.php?rest_route=%2Fwp%2Fv2%2Fcomments&post=69"}],"version-history":[{"count":8,"href":"https:\/\/cc-computec-hof.de\/index.php?rest_route=\/wp\/v2\/pages\/69\/revisions"}],"predecessor-version":[{"id":219,"href":"https:\/\/cc-computec-hof.de\/index.php?rest_route=\/wp\/v2\/pages\/69\/revisions\/219"}],"wp:attachment":[{"href":"https:\/\/cc-computec-hof.de\/index.php?rest_route=%2Fwp%2Fv2%2Fmedia&parent=69"}],"curies":[{"name":"wp","href":"https:\/\/api.w.org\/{rel}","templated":true}]}}