{"id":67,"date":"2025-01-19T20:05:07","date_gmt":"2025-01-19T20:05:07","guid":{"rendered":"https:\/\/cc-computec-hof.de\/?page_id=67"},"modified":"2025-01-24T13:53:40","modified_gmt":"2025-01-24T13:53:40","slug":"leistungen-2","status":"publish","type":"page","link":"https:\/\/cc-computec-hof.de\/?page_id=67","title":{"rendered":"Leistungen"},"content":{"rendered":"\n<p><\/p>\n\n\n\n<h2 class=\"wp-block-heading\"><strong>Willkommen bei unseren Leistungen \u2013 Ihr Rundum-Service auf einen Blick!<\/strong><\/h2>\n\n\n\n<p>Gemeinsam finden wir die passende L\u00f6sung \u2013 sprechen Sie uns gerne an!<\/p>\n\n\n\n<p>Wir bieten Ihnen ein breites Spektrum an Dienstleistungen, die individuell auf Ihre Bed\u00fcrfnisse abgestimmt sind. Unser Ziel ist es, Ihnen die bestm\u00f6gliche Unterst\u00fctzung zu bieten \u2013 kompetent, zuverl\u00e4ssig und flexibel. Entdecken Sie unsere vielf\u00e4ltigen Leistungen und erfahren Sie, wie wir Sie bei Ihren Projekten, Vorhaben oder Anliegen unterst\u00fctzen k\u00f6nnen. <\/p>\n\n\n\n<p>Klicken Sie auf die einzelnen Kategorien, um detaillierte Informationen zu erhalten und unser Angebot nach Ihren W\u00fcnschen zu erweitern:<\/p>\n\n\n\n<details class=\"wp-block-details is-layout-flow wp-block-details-is-layout-flow\"><summary>Allgemeine Leistungen<\/summary>\n<ul class=\"wp-block-list\">\n<li>Beratung, Analyse, Betreuung und Wartung von IT-Systemen<\/li>\n\n\n\n<li>Hardware Integration&nbsp;<\/li>\n\n\n\n<li>Optimierung bestehender Datenverarbeitungssysteme<\/li>\n<\/ul>\n<\/details>\n\n\n\n<p><\/p>\n\n\n\n<details class=\"wp-block-details is-layout-flow wp-block-details-is-layout-flow\"><summary>Netzwerkleistungen<\/summary>\n<ul class=\"wp-block-list\">\n<li>Konzeption und Realisierung von Netzwerken&nbsp;<\/li>\n\n\n\n<li>WLAN-Netzwerke&nbsp;<\/li>\n\n\n\n<li>Standort-Vernetzung&nbsp;<\/li>\n\n\n\n<li>Virtual Private Networks (VPN)<\/li>\n<\/ul>\n<\/details>\n\n\n\n<p><\/p>\n\n\n\n<details class=\"wp-block-details is-layout-flow wp-block-details-is-layout-flow\"><summary>Sicherheitsl\u00f6sungen<\/summary>\n<ul class=\"wp-block-list\">\n<li>Firewall&nbsp;<\/li>\n\n\n\n<li>Hardwareschutz&nbsp;<\/li>\n\n\n\n<li>Virenschutz&nbsp;<\/li>\n\n\n\n<li>Backup-Systeme&nbsp;<\/li>\n\n\n\n<li>Raid-Systeme&nbsp;&nbsp;<\/li>\n<\/ul>\n<\/details>\n\n\n\n<p><\/p>\n\n\n\n<details class=\"wp-block-details is-layout-flow wp-block-details-is-layout-flow\"><summary>Finanzdienstleistungen<\/summary>\n<ul class=\"wp-block-list\">\n<li>Leasing und Finanzierung von IT-Systemen (Hard- und Software) einschlie\u00dflich Dienstleistungen<\/li>\n<\/ul>\n<\/details>\n\n\n\n<p><\/p>\n\n\n\n<p><\/p>\n","protected":false},"excerpt":{"rendered":"<p>Willkommen bei unseren Leistungen \u2013 Ihr Rundum-Service auf einen Blick! Gemeinsam finden wir die passende L\u00f6sung \u2013 sprechen Sie uns [&hellip;]<\/p>\n","protected":false},"author":1,"featured_media":0,"parent":0,"menu_order":2,"comment_status":"closed","ping_status":"closed","template":"","meta":{"site-sidebar-layout":"default","site-content-layout":"","ast-site-content-layout":"","site-content-style":"default","site-sidebar-style":"default","ast-global-header-display":"","ast-banner-title-visibility":"","ast-main-header-display":"","ast-hfb-above-header-display":"","ast-hfb-below-header-display":"","ast-hfb-mobile-header-display":"","site-post-title":"disabled","ast-breadcrumbs-content":"","ast-featured-img":"","footer-sml-layout":"","theme-transparent-header-meta":"","adv-header-id-meta":"","stick-header-meta":"","header-above-stick-meta":"","header-main-stick-meta":"","header-below-stick-meta":"","astra-migrate-meta-layouts":"default","ast-page-background-enabled":"default","ast-page-background-meta":{"desktop":{"background-color":"var(--ast-global-color-5)","background-image":"","background-repeat":"repeat","background-position":"center center","background-size":"auto","background-attachment":"scroll","background-type":"","background-media":"","overlay-type":"","overlay-color":"","overlay-opacity":"","overlay-gradient":""},"tablet":{"background-color":"","background-image":"","background-repeat":"repeat","background-position":"center center","background-size":"auto","background-attachment":"scroll","background-type":"","background-media":"","overlay-type":"","overlay-color":"","overlay-opacity":"","overlay-gradient":""},"mobile":{"background-color":"","background-image":"","background-repeat":"repeat","background-position":"center center","background-size":"auto","background-attachment":"scroll","background-type":"","background-media":"","overlay-type":"","overlay-color":"","overlay-opacity":"","overlay-gradient":""}},"ast-content-background-meta":{"desktop":{"background-color":"var(--ast-global-color-4)","background-image":"","background-repeat":"repeat","background-position":"center center","background-size":"auto","background-attachment":"scroll","background-type":"","background-media":"","overlay-type":"","overlay-color":"","overlay-opacity":"","overlay-gradient":""},"tablet":{"background-color":"var(--ast-global-color-4)","background-image":"","background-repeat":"repeat","background-position":"center center","background-size":"auto","background-attachment":"scroll","background-type":"","background-media":"","overlay-type":"","overlay-color":"","overlay-opacity":"","overlay-gradient":""},"mobile":{"background-color":"var(--ast-global-color-4)","background-image":"","background-repeat":"repeat","background-position":"center center","background-size":"auto","background-attachment":"scroll","background-type":"","background-media":"","overlay-type":"","overlay-color":"","overlay-opacity":"","overlay-gradient":""}},"footnotes":""},"class_list":["post-67","page","type-page","status-publish","hentry"],"_links":{"self":[{"href":"https:\/\/cc-computec-hof.de\/index.php?rest_route=\/wp\/v2\/pages\/67","targetHints":{"allow":["GET"]}}],"collection":[{"href":"https:\/\/cc-computec-hof.de\/index.php?rest_route=\/wp\/v2\/pages"}],"about":[{"href":"https:\/\/cc-computec-hof.de\/index.php?rest_route=\/wp\/v2\/types\/page"}],"author":[{"embeddable":true,"href":"https:\/\/cc-computec-hof.de\/index.php?rest_route=\/wp\/v2\/users\/1"}],"replies":[{"embeddable":true,"href":"https:\/\/cc-computec-hof.de\/index.php?rest_route=%2Fwp%2Fv2%2Fcomments&post=67"}],"version-history":[{"count":20,"href":"https:\/\/cc-computec-hof.de\/index.php?rest_route=\/wp\/v2\/pages\/67\/revisions"}],"predecessor-version":[{"id":221,"href":"https:\/\/cc-computec-hof.de\/index.php?rest_route=\/wp\/v2\/pages\/67\/revisions\/221"}],"wp:attachment":[{"href":"https:\/\/cc-computec-hof.de\/index.php?rest_route=%2Fwp%2Fv2%2Fmedia&parent=67"}],"curies":[{"name":"wp","href":"https:\/\/api.w.org\/{rel}","templated":true}]}}