{"id":114,"date":"2025-01-19T21:02:26","date_gmt":"2025-01-19T21:02:26","guid":{"rendered":"https:\/\/cc-computec-hof.de\/?page_id=114"},"modified":"2025-01-20T08:52:16","modified_gmt":"2025-01-20T08:52:16","slug":"impressum","status":"publish","type":"page","link":"https:\/\/cc-computec-hof.de\/?page_id=114","title":{"rendered":"Impressum"},"content":{"rendered":"\n<p><strong><strong>CC. CompuTec Consultants GmbH<\/strong><\/strong><br>Projektmanagement f\u00fcr individuelle EDV-L\u00f6sungen<br>Schneebergstr. 1<br>D-95032 Hof<\/p>\n\n\n\n<p><strong>Telefon<\/strong>&nbsp;&nbsp; +49 (0) 9281 &#8211; 5908<br><strong>Telefax<\/strong>&nbsp;&nbsp; +49 (0) 9281 &#8211; 52280<\/p>\n\n\n\n<p><strong>Internet: <\/strong><a href=\"https:\/\/cc-computec-hof.de\/\">www.cc-computec-hof.de<\/a><br><strong>E-Mail: <\/strong><a href=\"mailto:info@cc-computec.de\">info@cc-computec.de<\/a><\/p>\n\n\n\n<p><strong><strong>Gesch\u00e4ftsleitung<\/strong><\/strong><br>Robert Bulicek<\/p>\n\n\n\n<p><strong>Handelsregister:<br><\/strong>HRB 15 92 Amtsgericht Hof<\/p>\n\n\n\n<p>Wir distanzieren uns hiermit ausdr\u00fccklich von allen Inhalten aller gelinkten Seiten auf unseren Webseiten und machen uns ihre Inhalte ausdr\u00fccklich nicht zueigen. Zugleich stellen wir ausdr\u00fccklich klar, dass wir keinerlei Einfluss auf die Gestaltung und die Inhalte der gelinkten Seiten haben. Diese Erkl\u00e4rung gilt f\u00fcr alle auf unseren Webseiten unmittelbar oder mittelbar erw\u00e4hnten Links und Linkanbieter.<\/p>\n\n\n\n<p>Die Nennung von Firmen- oder Markennamen erfolgt ohne Pr\u00fcfung etwaiger Rechte Dritter. Aus einem fehlenden Markenschutz- oder Copyright-Hinweis kann insbesondere nicht der Schluss gezogen werden, diese Namen und\/oder Bezeichnungen seien frei von Rechten Dritter.<\/p>\n\n\n\n<p><\/p>\n","protected":false},"excerpt":{"rendered":"<p>CC. CompuTec Consultants GmbHProjektmanagement f\u00fcr individuelle EDV-L\u00f6sungenSchneebergstr. 1D-95032 Hof Telefon&nbsp;&nbsp; +49 (0) 9281 &#8211; 5908Telefax&nbsp;&nbsp; +49 (0) 9281 &#8211; 52280 [&hellip;]<\/p>\n","protected":false},"author":1,"featured_media":0,"parent":0,"menu_order":9,"comment_status":"closed","ping_status":"closed","template":"","meta":{"site-sidebar-layout":"default","site-content-layout":"","ast-site-content-layout":"","site-content-style":"default","site-sidebar-style":"default","ast-global-header-display":"","ast-banner-title-visibility":"","ast-main-header-display":"","ast-hfb-above-header-display":"","ast-hfb-below-header-display":"","ast-hfb-mobile-header-display":"","site-post-title":"","ast-breadcrumbs-content":"","ast-featured-img":"","footer-sml-layout":"","theme-transparent-header-meta":"","adv-header-id-meta":"","stick-header-meta":"","header-above-stick-meta":"","header-main-stick-meta":"","header-below-stick-meta":"","astra-migrate-meta-layouts":"default","ast-page-background-enabled":"default","ast-page-background-meta":{"desktop":{"background-color":"var(--ast-global-color-5)","background-image":"","background-repeat":"repeat","background-position":"center center","background-size":"auto","background-attachment":"scroll","background-type":"","background-media":"","overlay-type":"","overlay-color":"","overlay-opacity":"","overlay-gradient":""},"tablet":{"background-color":"","background-image":"","background-repeat":"repeat","background-position":"center center","background-size":"auto","background-attachment":"scroll","background-type":"","background-media":"","overlay-type":"","overlay-color":"","overlay-opacity":"","overlay-gradient":""},"mobile":{"background-color":"","background-image":"","background-repeat":"repeat","background-position":"center center","background-size":"auto","background-attachment":"scroll","background-type":"","background-media":"","overlay-type":"","overlay-color":"","overlay-opacity":"","overlay-gradient":""}},"ast-content-background-meta":{"desktop":{"background-color":"var(--ast-global-color-4)","background-image":"","background-repeat":"repeat","background-position":"center center","background-size":"auto","background-attachment":"scroll","background-type":"","background-media":"","overlay-type":"","overlay-color":"","overlay-opacity":"","overlay-gradient":""},"tablet":{"background-color":"var(--ast-global-color-4)","background-image":"","background-repeat":"repeat","background-position":"center center","background-size":"auto","background-attachment":"scroll","background-type":"","background-media":"","overlay-type":"","overlay-color":"","overlay-opacity":"","overlay-gradient":""},"mobile":{"background-color":"var(--ast-global-color-4)","background-image":"","background-repeat":"repeat","background-position":"center center","background-size":"auto","background-attachment":"scroll","background-type":"","background-media":"","overlay-type":"","overlay-color":"","overlay-opacity":"","overlay-gradient":""}},"footnotes":""},"class_list":["post-114","page","type-page","status-publish","hentry"],"_links":{"self":[{"href":"https:\/\/cc-computec-hof.de\/index.php?rest_route=\/wp\/v2\/pages\/114","targetHints":{"allow":["GET"]}}],"collection":[{"href":"https:\/\/cc-computec-hof.de\/index.php?rest_route=\/wp\/v2\/pages"}],"about":[{"href":"https:\/\/cc-computec-hof.de\/index.php?rest_route=\/wp\/v2\/types\/page"}],"author":[{"embeddable":true,"href":"https:\/\/cc-computec-hof.de\/index.php?rest_route=\/wp\/v2\/users\/1"}],"replies":[{"embeddable":true,"href":"https:\/\/cc-computec-hof.de\/index.php?rest_route=%2Fwp%2Fv2%2Fcomments&post=114"}],"version-history":[{"count":4,"href":"https:\/\/cc-computec-hof.de\/index.php?rest_route=\/wp\/v2\/pages\/114\/revisions"}],"predecessor-version":[{"id":177,"href":"https:\/\/cc-computec-hof.de\/index.php?rest_route=\/wp\/v2\/pages\/114\/revisions\/177"}],"wp:attachment":[{"href":"https:\/\/cc-computec-hof.de\/index.php?rest_route=%2Fwp%2Fv2%2Fmedia&parent=114"}],"curies":[{"name":"wp","href":"https:\/\/api.w.org\/{rel}","templated":true}]}}